{"id":20,"date":"2022-12-06T02:19:32","date_gmt":"2022-12-06T02:19:32","guid":{"rendered":"https:\/\/eamx.mx\/?page_id=20"},"modified":"2022-12-13T17:13:13","modified_gmt":"2022-12-13T17:13:13","slug":"proyectos-industriales","status":"publish","type":"page","link":"https:\/\/eamx.mx\/index.php\/proyectos-industriales\/","title":{"rendered":"Arquitectura Industrial"},"content":{"rendered":"\n<p>Dedicada al dise\u00f1o,&nbsp; planeaci\u00f3n, organizaci\u00f3n y supervisi\u00f3n para el desarrollo del proyecto ejecutivos de conjuntos y\/o edificios destinados a actividades industriales.<\/p>\n\n\n\n<p>Para el correcto desarrollo de un proyecto de estas caracter\u00edsticas, es imprescindible conocer el proceso de producci\u00f3n y las&nbsp;necesidades de las actividades que albergar\u00e1 el edificio, para que \u00e9ste se funcional y se adapte de la mejor forma posible.<\/p>\n\n\n\n<div class=\"wp-block-cover alignwide\" style=\"min-height:290px;aspect-ratio:unset;\"><span aria-hidden=\"true\" class=\"wp-block-cover__background has-background-dim\"><\/span><img loading=\"lazy\" decoding=\"async\" width=\"1024\" height=\"681\" class=\"wp-block-cover__image-background wp-image-46\" alt=\"\" src=\"https:\/\/eamx.mx\/wp-content\/uploads\/2022\/12\/b8a36bf5-b64a-49cb-a9ab-529588e49fd9-1024x681.jpg\" data-object-fit=\"cover\" srcset=\"https:\/\/eamx.mx\/wp-content\/uploads\/2022\/12\/b8a36bf5-b64a-49cb-a9ab-529588e49fd9-1024x681.jpg 1024w, https:\/\/eamx.mx\/wp-content\/uploads\/2022\/12\/b8a36bf5-b64a-49cb-a9ab-529588e49fd9-300x200.jpg 300w, https:\/\/eamx.mx\/wp-content\/uploads\/2022\/12\/b8a36bf5-b64a-49cb-a9ab-529588e49fd9-768x511.jpg 768w, https:\/\/eamx.mx\/wp-content\/uploads\/2022\/12\/b8a36bf5-b64a-49cb-a9ab-529588e49fd9-1536x1022.jpg 1536w, https:\/\/eamx.mx\/wp-content\/uploads\/2022\/12\/b8a36bf5-b64a-49cb-a9ab-529588e49fd9.jpg 2000w\" sizes=\"(max-width: 1024px) 100vw, 1024px\" \/><div class=\"wp-block-cover__inner-container is-layout-flow wp-block-cover-is-layout-flow\">\n<ul class=\"wp-block-list\">\n<li>Elaboraci\u00f3n de Proyecto Ejecutivo:\n<ul class=\"wp-block-list\">\n<li>Arquitect\u00f3nico<\/li>\n\n\n\n<li>Estructural<\/li>\n\n\n\n<li>Ajustes, Correcciones.<\/li>\n<\/ul>\n<\/li>\n\n\n\n<li>Tr\u00e1mites&nbsp; De Construcci\u00f3n Y Servicios:\n\n\n<ul class=\"wp-block-list\">\n<li>Interconexion Y Suministro Gas Natural.<\/li>\n<\/ul>\n\n\n\n<ul class=\"wp-block-list\">\n<li>Tr\u00e1mite Ante Ran.<\/li>\n\n\n\n<li>Tr\u00e1mite Uso Suelo Y Lic. De Construcci\u00f3n<\/li>\n<\/ul>\n<\/li>\n\n\n\n<li>Cronogramas De Obra En Coordinaci\u00f3n Con El Montaje De Equipos<\/li>\n\n\n\n<li>Seguimiento Y Supervisi\u00f3n De Obra<\/li>\n<\/ul>\n<\/div><\/div>\n\n\n\n<figure class=\"wp-block-gallery has-nested-images columns-default is-cropped wp-block-gallery-1 is-layout-flex wp-block-gallery-is-layout-flex\">\n<figure class=\"wp-block-image size-large\"><img loading=\"lazy\" decoding=\"async\" width=\"1024\" height=\"577\" data-id=\"150\" src=\"https:\/\/eamx.mx\/wp-content\/uploads\/2022\/12\/Imagen-2-2-1024x577.png\" alt=\"\" class=\"wp-image-150\" srcset=\"https:\/\/eamx.mx\/wp-content\/uploads\/2022\/12\/Imagen-2-2-1024x577.png 1024w, https:\/\/eamx.mx\/wp-content\/uploads\/2022\/12\/Imagen-2-2-300x169.png 300w, https:\/\/eamx.mx\/wp-content\/uploads\/2022\/12\/Imagen-2-2-768x432.png 768w, https:\/\/eamx.mx\/wp-content\/uploads\/2022\/12\/Imagen-2-2-1536x865.png 1536w, https:\/\/eamx.mx\/wp-content\/uploads\/2022\/12\/Imagen-2-2.png 1808w\" sizes=\"(max-width: 1024px) 100vw, 1024px\" \/><\/figure>\n\n\n\n<figure class=\"wp-block-image size-large\"><img loading=\"lazy\" decoding=\"async\" width=\"1006\" height=\"564\" data-id=\"149\" src=\"https:\/\/eamx.mx\/wp-content\/uploads\/2022\/12\/Imagen-3-2.png\" alt=\"\" class=\"wp-image-149\" srcset=\"https:\/\/eamx.mx\/wp-content\/uploads\/2022\/12\/Imagen-3-2.png 1006w, https:\/\/eamx.mx\/wp-content\/uploads\/2022\/12\/Imagen-3-2-300x168.png 300w, https:\/\/eamx.mx\/wp-content\/uploads\/2022\/12\/Imagen-3-2-768x431.png 768w\" sizes=\"(max-width: 1006px) 100vw, 1006px\" \/><\/figure>\n\n\n\n<figure class=\"wp-block-image size-large\"><img loading=\"lazy\" decoding=\"async\" width=\"1024\" height=\"576\" data-id=\"151\" src=\"https:\/\/eamx.mx\/wp-content\/uploads\/2022\/12\/Imagen-4-1-1024x576.png\" alt=\"\" class=\"wp-image-151\" srcset=\"https:\/\/eamx.mx\/wp-content\/uploads\/2022\/12\/Imagen-4-1-1024x576.png 1024w, https:\/\/eamx.mx\/wp-content\/uploads\/2022\/12\/Imagen-4-1-300x169.png 300w, https:\/\/eamx.mx\/wp-content\/uploads\/2022\/12\/Imagen-4-1-768x432.png 768w, https:\/\/eamx.mx\/wp-content\/uploads\/2022\/12\/Imagen-4-1-1536x865.png 1536w, https:\/\/eamx.mx\/wp-content\/uploads\/2022\/12\/Imagen-4-1.png 1812w\" sizes=\"(max-width: 1024px) 100vw, 1024px\" \/><\/figure>\n\n\n\n<figure class=\"wp-block-image size-large\"><img loading=\"lazy\" decoding=\"async\" width=\"952\" height=\"497\" data-id=\"210\" src=\"https:\/\/eamx.mx\/wp-content\/uploads\/2022\/12\/Imagen-1-2.png\" alt=\"\" class=\"wp-image-210\" srcset=\"https:\/\/eamx.mx\/wp-content\/uploads\/2022\/12\/Imagen-1-2.png 952w, https:\/\/eamx.mx\/wp-content\/uploads\/2022\/12\/Imagen-1-2-300x157.png 300w, https:\/\/eamx.mx\/wp-content\/uploads\/2022\/12\/Imagen-1-2-768x401.png 768w\" sizes=\"(max-width: 952px) 100vw, 952px\" \/><\/figure>\n\n\n\n<figure class=\"wp-block-image size-large\"><img loading=\"lazy\" decoding=\"async\" width=\"981\" height=\"552\" data-id=\"209\" src=\"https:\/\/eamx.mx\/wp-content\/uploads\/2022\/12\/Imagen-.png\" alt=\"\" class=\"wp-image-209\" srcset=\"https:\/\/eamx.mx\/wp-content\/uploads\/2022\/12\/Imagen-.png 981w, https:\/\/eamx.mx\/wp-content\/uploads\/2022\/12\/Imagen--300x169.png 300w, https:\/\/eamx.mx\/wp-content\/uploads\/2022\/12\/Imagen--768x432.png 768w\" sizes=\"(max-width: 981px) 100vw, 981px\" \/><\/figure>\n\n\n\n<figure class=\"wp-block-image size-large\"><img loading=\"lazy\" decoding=\"async\" width=\"989\" height=\"556\" data-id=\"208\" src=\"https:\/\/eamx.mx\/wp-content\/uploads\/2022\/12\/31.png\" alt=\"\" class=\"wp-image-208\" srcset=\"https:\/\/eamx.mx\/wp-content\/uploads\/2022\/12\/31.png 989w, https:\/\/eamx.mx\/wp-content\/uploads\/2022\/12\/31-300x169.png 300w, https:\/\/eamx.mx\/wp-content\/uploads\/2022\/12\/31-768x432.png 768w\" sizes=\"(max-width: 989px) 100vw, 989px\" \/><\/figure>\n\n\n\n<figure class=\"wp-block-image size-large\"><img loading=\"lazy\" decoding=\"async\" width=\"1024\" height=\"575\" data-id=\"207\" src=\"https:\/\/eamx.mx\/wp-content\/uploads\/2022\/12\/30-1024x575.png\" alt=\"\" class=\"wp-image-207\" srcset=\"https:\/\/eamx.mx\/wp-content\/uploads\/2022\/12\/30-1024x575.png 1024w, https:\/\/eamx.mx\/wp-content\/uploads\/2022\/12\/30-300x169.png 300w, https:\/\/eamx.mx\/wp-content\/uploads\/2022\/12\/30-768x432.png 768w, https:\/\/eamx.mx\/wp-content\/uploads\/2022\/12\/30-1536x863.png 1536w, https:\/\/eamx.mx\/wp-content\/uploads\/2022\/12\/30.png 1856w\" sizes=\"(max-width: 1024px) 100vw, 1024px\" \/><\/figure>\n\n\n\n<figure class=\"wp-block-image size-large\"><img loading=\"lazy\" decoding=\"async\" width=\"1008\" height=\"566\" data-id=\"206\" src=\"https:\/\/eamx.mx\/wp-content\/uploads\/2022\/12\/29.png\" alt=\"\" class=\"wp-image-206\" srcset=\"https:\/\/eamx.mx\/wp-content\/uploads\/2022\/12\/29.png 1008w, https:\/\/eamx.mx\/wp-content\/uploads\/2022\/12\/29-300x168.png 300w, https:\/\/eamx.mx\/wp-content\/uploads\/2022\/12\/29-768x431.png 768w\" sizes=\"(max-width: 1008px) 100vw, 1008px\" \/><\/figure>\n\n\n\n<figure class=\"wp-block-image size-large\"><img loading=\"lazy\" decoding=\"async\" width=\"1024\" height=\"577\" data-id=\"205\" src=\"https:\/\/eamx.mx\/wp-content\/uploads\/2022\/12\/25-1024x577.png\" alt=\"\" class=\"wp-image-205\" srcset=\"https:\/\/eamx.mx\/wp-content\/uploads\/2022\/12\/25-1024x577.png 1024w, https:\/\/eamx.mx\/wp-content\/uploads\/2022\/12\/25-300x169.png 300w, https:\/\/eamx.mx\/wp-content\/uploads\/2022\/12\/25-768x433.png 768w, https:\/\/eamx.mx\/wp-content\/uploads\/2022\/12\/25.png 1031w\" sizes=\"(max-width: 1024px) 100vw, 1024px\" \/><\/figure>\n\n\n\n<figure class=\"wp-block-image size-large\"><img loading=\"lazy\" decoding=\"async\" width=\"1024\" height=\"576\" data-id=\"204\" src=\"https:\/\/eamx.mx\/wp-content\/uploads\/2022\/12\/23-1024x576.png\" alt=\"\" class=\"wp-image-204\" srcset=\"https:\/\/eamx.mx\/wp-content\/uploads\/2022\/12\/23-1024x576.png 1024w, https:\/\/eamx.mx\/wp-content\/uploads\/2022\/12\/23-300x169.png 300w, https:\/\/eamx.mx\/wp-content\/uploads\/2022\/12\/23-768x432.png 768w, https:\/\/eamx.mx\/wp-content\/uploads\/2022\/12\/23.png 1033w\" sizes=\"(max-width: 1024px) 100vw, 1024px\" \/><\/figure>\n\n\n\n<figure class=\"wp-block-image size-large\"><img loading=\"lazy\" decoding=\"async\" width=\"1012\" height=\"570\" data-id=\"203\" src=\"https:\/\/eamx.mx\/wp-content\/uploads\/2022\/12\/22.png\" alt=\"\" class=\"wp-image-203\" srcset=\"https:\/\/eamx.mx\/wp-content\/uploads\/2022\/12\/22.png 1012w, https:\/\/eamx.mx\/wp-content\/uploads\/2022\/12\/22-300x169.png 300w, https:\/\/eamx.mx\/wp-content\/uploads\/2022\/12\/22-768x433.png 768w\" sizes=\"(max-width: 1012px) 100vw, 1012px\" \/><\/figure>\n\n\n\n<figure class=\"wp-block-image size-large\"><img loading=\"lazy\" decoding=\"async\" width=\"997\" height=\"562\" data-id=\"202\" src=\"https:\/\/eamx.mx\/wp-content\/uploads\/2022\/12\/21.png\" alt=\"\" class=\"wp-image-202\" srcset=\"https:\/\/eamx.mx\/wp-content\/uploads\/2022\/12\/21.png 997w, https:\/\/eamx.mx\/wp-content\/uploads\/2022\/12\/21-300x169.png 300w, https:\/\/eamx.mx\/wp-content\/uploads\/2022\/12\/21-768x433.png 768w\" sizes=\"(max-width: 997px) 100vw, 997px\" \/><\/figure>\n\n\n\n<figure class=\"wp-block-image size-large\"><img loading=\"lazy\" decoding=\"async\" width=\"1024\" height=\"577\" data-id=\"201\" src=\"https:\/\/eamx.mx\/wp-content\/uploads\/2022\/12\/19-1024x577.png\" alt=\"\" class=\"wp-image-201\" srcset=\"https:\/\/eamx.mx\/wp-content\/uploads\/2022\/12\/19-1024x577.png 1024w, https:\/\/eamx.mx\/wp-content\/uploads\/2022\/12\/19-300x169.png 300w, https:\/\/eamx.mx\/wp-content\/uploads\/2022\/12\/19-768x433.png 768w, https:\/\/eamx.mx\/wp-content\/uploads\/2022\/12\/19-1536x866.png 1536w, https:\/\/eamx.mx\/wp-content\/uploads\/2022\/12\/19.png 1777w\" sizes=\"(max-width: 1024px) 100vw, 1024px\" \/><\/figure>\n\n\n\n<figure class=\"wp-block-image size-large\"><img loading=\"lazy\" decoding=\"async\" width=\"966\" height=\"545\" data-id=\"196\" src=\"https:\/\/eamx.mx\/wp-content\/uploads\/2022\/12\/14.png\" alt=\"\" class=\"wp-image-196\" srcset=\"https:\/\/eamx.mx\/wp-content\/uploads\/2022\/12\/14.png 966w, https:\/\/eamx.mx\/wp-content\/uploads\/2022\/12\/14-300x169.png 300w, https:\/\/eamx.mx\/wp-content\/uploads\/2022\/12\/14-768x433.png 768w\" sizes=\"(max-width: 966px) 100vw, 966px\" \/><\/figure>\n\n\n\n<figure class=\"wp-block-image size-large\"><img loading=\"lazy\" decoding=\"async\" width=\"1024\" height=\"544\" data-id=\"197\" src=\"https:\/\/eamx.mx\/wp-content\/uploads\/2022\/12\/15-1024x544.png\" alt=\"\" class=\"wp-image-197\" srcset=\"https:\/\/eamx.mx\/wp-content\/uploads\/2022\/12\/15-1024x544.png 1024w, https:\/\/eamx.mx\/wp-content\/uploads\/2022\/12\/15-300x159.png 300w, https:\/\/eamx.mx\/wp-content\/uploads\/2022\/12\/15-768x408.png 768w, https:\/\/eamx.mx\/wp-content\/uploads\/2022\/12\/15-1536x816.png 1536w, https:\/\/eamx.mx\/wp-content\/uploads\/2022\/12\/15.png 1702w\" sizes=\"(max-width: 1024px) 100vw, 1024px\" \/><\/figure>\n\n\n\n<figure class=\"wp-block-image size-large\"><img loading=\"lazy\" decoding=\"async\" width=\"972\" height=\"547\" data-id=\"198\" src=\"https:\/\/eamx.mx\/wp-content\/uploads\/2022\/12\/16.png\" alt=\"\" class=\"wp-image-198\" srcset=\"https:\/\/eamx.mx\/wp-content\/uploads\/2022\/12\/16.png 972w, https:\/\/eamx.mx\/wp-content\/uploads\/2022\/12\/16-300x169.png 300w, https:\/\/eamx.mx\/wp-content\/uploads\/2022\/12\/16-768x432.png 768w\" sizes=\"(max-width: 972px) 100vw, 972px\" \/><\/figure>\n\n\n\n<figure class=\"wp-block-image size-large\"><img loading=\"lazy\" decoding=\"async\" width=\"1024\" height=\"577\" data-id=\"199\" src=\"https:\/\/eamx.mx\/wp-content\/uploads\/2022\/12\/17-1024x577.png\" alt=\"\" class=\"wp-image-199\" srcset=\"https:\/\/eamx.mx\/wp-content\/uploads\/2022\/12\/17-1024x577.png 1024w, https:\/\/eamx.mx\/wp-content\/uploads\/2022\/12\/17-300x169.png 300w, https:\/\/eamx.mx\/wp-content\/uploads\/2022\/12\/17-768x433.png 768w, https:\/\/eamx.mx\/wp-content\/uploads\/2022\/12\/17-1536x866.png 1536w, https:\/\/eamx.mx\/wp-content\/uploads\/2022\/12\/17.png 1714w\" sizes=\"(max-width: 1024px) 100vw, 1024px\" \/><\/figure>\n\n\n\n<figure class=\"wp-block-image size-large\"><img loading=\"lazy\" decoding=\"async\" width=\"979\" height=\"552\" data-id=\"200\" src=\"https:\/\/eamx.mx\/wp-content\/uploads\/2022\/12\/18.png\" alt=\"\" class=\"wp-image-200\" srcset=\"https:\/\/eamx.mx\/wp-content\/uploads\/2022\/12\/18.png 979w, https:\/\/eamx.mx\/wp-content\/uploads\/2022\/12\/18-300x169.png 300w, https:\/\/eamx.mx\/wp-content\/uploads\/2022\/12\/18-768x433.png 768w\" sizes=\"(max-width: 979px) 100vw, 979px\" \/><\/figure>\n\n\n\n<figure class=\"wp-block-image size-large\"><img loading=\"lazy\" decoding=\"async\" width=\"977\" height=\"552\" data-id=\"195\" src=\"https:\/\/eamx.mx\/wp-content\/uploads\/2022\/12\/13.png\" alt=\"\" class=\"wp-image-195\" srcset=\"https:\/\/eamx.mx\/wp-content\/uploads\/2022\/12\/13.png 977w, https:\/\/eamx.mx\/wp-content\/uploads\/2022\/12\/13-300x169.png 300w, https:\/\/eamx.mx\/wp-content\/uploads\/2022\/12\/13-768x434.png 768w\" sizes=\"(max-width: 977px) 100vw, 977px\" \/><\/figure>\n\n\n\n<figure class=\"wp-block-image size-large\"><img loading=\"lazy\" decoding=\"async\" width=\"981\" height=\"552\" data-id=\"194\" src=\"https:\/\/eamx.mx\/wp-content\/uploads\/2022\/12\/12.png\" alt=\"\" class=\"wp-image-194\" srcset=\"https:\/\/eamx.mx\/wp-content\/uploads\/2022\/12\/12.png 981w, https:\/\/eamx.mx\/wp-content\/uploads\/2022\/12\/12-300x169.png 300w, https:\/\/eamx.mx\/wp-content\/uploads\/2022\/12\/12-768x432.png 768w\" sizes=\"(max-width: 981px) 100vw, 981px\" \/><\/figure>\n\n\n\n<figure class=\"wp-block-image size-large\"><img loading=\"lazy\" decoding=\"async\" width=\"1024\" height=\"576\" data-id=\"193\" src=\"https:\/\/eamx.mx\/wp-content\/uploads\/2022\/12\/11-1024x576.png\" alt=\"\" class=\"wp-image-193\" srcset=\"https:\/\/eamx.mx\/wp-content\/uploads\/2022\/12\/11-1024x576.png 1024w, https:\/\/eamx.mx\/wp-content\/uploads\/2022\/12\/11-300x169.png 300w, https:\/\/eamx.mx\/wp-content\/uploads\/2022\/12\/11-768x432.png 768w, https:\/\/eamx.mx\/wp-content\/uploads\/2022\/12\/11-1536x864.png 1536w, https:\/\/eamx.mx\/wp-content\/uploads\/2022\/12\/11.png 1737w\" sizes=\"(max-width: 1024px) 100vw, 1024px\" \/><\/figure>\n\n\n\n<figure class=\"wp-block-image size-large\"><img loading=\"lazy\" decoding=\"async\" width=\"958\" height=\"539\" data-id=\"192\" src=\"https:\/\/eamx.mx\/wp-content\/uploads\/2022\/12\/10.png\" alt=\"\" class=\"wp-image-192\" srcset=\"https:\/\/eamx.mx\/wp-content\/uploads\/2022\/12\/10.png 958w, https:\/\/eamx.mx\/wp-content\/uploads\/2022\/12\/10-300x169.png 300w, https:\/\/eamx.mx\/wp-content\/uploads\/2022\/12\/10-768x432.png 768w\" sizes=\"(max-width: 958px) 100vw, 958px\" \/><\/figure>\n\n\n\n<figure class=\"wp-block-image size-large\"><img loading=\"lazy\" decoding=\"async\" width=\"1024\" height=\"576\" data-id=\"191\" src=\"https:\/\/eamx.mx\/wp-content\/uploads\/2022\/12\/9-1024x576.png\" alt=\"\" class=\"wp-image-191\" srcset=\"https:\/\/eamx.mx\/wp-content\/uploads\/2022\/12\/9-1024x576.png 1024w, https:\/\/eamx.mx\/wp-content\/uploads\/2022\/12\/9-300x169.png 300w, https:\/\/eamx.mx\/wp-content\/uploads\/2022\/12\/9-768x432.png 768w, https:\/\/eamx.mx\/wp-content\/uploads\/2022\/12\/9-1536x864.png 1536w, https:\/\/eamx.mx\/wp-content\/uploads\/2022\/12\/9.png 1758w\" sizes=\"(max-width: 1024px) 100vw, 1024px\" \/><\/figure>\n\n\n\n<figure class=\"wp-block-image size-large\"><img loading=\"lazy\" decoding=\"async\" width=\"822\" height=\"464\" data-id=\"186\" src=\"https:\/\/eamx.mx\/wp-content\/uploads\/2022\/12\/4.png\" alt=\"\" class=\"wp-image-186\" srcset=\"https:\/\/eamx.mx\/wp-content\/uploads\/2022\/12\/4.png 822w, https:\/\/eamx.mx\/wp-content\/uploads\/2022\/12\/4-300x169.png 300w, https:\/\/eamx.mx\/wp-content\/uploads\/2022\/12\/4-768x434.png 768w\" sizes=\"(max-width: 822px) 100vw, 822px\" \/><\/figure>\n\n\n\n<figure class=\"wp-block-image size-large\"><img loading=\"lazy\" decoding=\"async\" width=\"1006\" height=\"566\" data-id=\"187\" src=\"https:\/\/eamx.mx\/wp-content\/uploads\/2022\/12\/5.png\" alt=\"\" class=\"wp-image-187\" srcset=\"https:\/\/eamx.mx\/wp-content\/uploads\/2022\/12\/5.png 1006w, https:\/\/eamx.mx\/wp-content\/uploads\/2022\/12\/5-300x169.png 300w, https:\/\/eamx.mx\/wp-content\/uploads\/2022\/12\/5-768x432.png 768w\" sizes=\"(max-width: 1006px) 100vw, 1006px\" \/><\/figure>\n\n\n\n<figure class=\"wp-block-image size-large\"><img loading=\"lazy\" decoding=\"async\" width=\"985\" height=\"556\" data-id=\"188\" src=\"https:\/\/eamx.mx\/wp-content\/uploads\/2022\/12\/6.png\" alt=\"\" class=\"wp-image-188\" srcset=\"https:\/\/eamx.mx\/wp-content\/uploads\/2022\/12\/6.png 985w, https:\/\/eamx.mx\/wp-content\/uploads\/2022\/12\/6-300x169.png 300w, https:\/\/eamx.mx\/wp-content\/uploads\/2022\/12\/6-768x434.png 768w\" sizes=\"(max-width: 985px) 100vw, 985px\" \/><\/figure>\n\n\n\n<figure class=\"wp-block-image size-large\"><img loading=\"lazy\" decoding=\"async\" width=\"839\" height=\"489\" data-id=\"189\" src=\"https:\/\/eamx.mx\/wp-content\/uploads\/2022\/12\/7.png\" alt=\"\" class=\"wp-image-189\" srcset=\"https:\/\/eamx.mx\/wp-content\/uploads\/2022\/12\/7.png 839w, https:\/\/eamx.mx\/wp-content\/uploads\/2022\/12\/7-300x175.png 300w, https:\/\/eamx.mx\/wp-content\/uploads\/2022\/12\/7-768x448.png 768w\" sizes=\"(max-width: 839px) 100vw, 839px\" \/><\/figure>\n\n\n\n<figure class=\"wp-block-image size-large\"><img loading=\"lazy\" decoding=\"async\" width=\"1024\" height=\"577\" data-id=\"190\" src=\"https:\/\/eamx.mx\/wp-content\/uploads\/2022\/12\/8-1024x577.png\" alt=\"\" class=\"wp-image-190\" srcset=\"https:\/\/eamx.mx\/wp-content\/uploads\/2022\/12\/8-1024x577.png 1024w, https:\/\/eamx.mx\/wp-content\/uploads\/2022\/12\/8-300x169.png 300w, https:\/\/eamx.mx\/wp-content\/uploads\/2022\/12\/8-768x433.png 768w, https:\/\/eamx.mx\/wp-content\/uploads\/2022\/12\/8-1536x865.png 1536w, https:\/\/eamx.mx\/wp-content\/uploads\/2022\/12\/8.png 1741w\" sizes=\"(max-width: 1024px) 100vw, 1024px\" \/><\/figure>\n<\/figure>\n","protected":false},"excerpt":{"rendered":"<p>Dedicada al dise\u00f1o,&nbsp; planeaci\u00f3n, organizaci\u00f3n y supervisi\u00f3n para el desarrollo del proyecto ejecutivos de conjuntos y\/o edificios destinados a actividades industriales. Para el correcto desarrollo de un proyecto de estas caracter\u00edsticas, es imprescindible conocer el proceso de producci\u00f3n y las&nbsp;necesidades de las actividades que albergar\u00e1 el edificio, para que \u00e9ste se funcional y se adapte [&hellip;]<\/p>\n","protected":false},"author":1,"featured_media":129,"parent":0,"menu_order":0,"comment_status":"closed","ping_status":"closed","template":"","meta":{"saved_in_kubio":false,"footnotes":""},"class_list":["post-20","page","type-page","status-publish","has-post-thumbnail","hentry"],"kubio_ai_page_context":{"short_desc":"","purpose":"general"},"_links":{"self":[{"href":"https:\/\/eamx.mx\/index.php\/wp-json\/wp\/v2\/pages\/20","targetHints":{"allow":["GET"]}}],"collection":[{"href":"https:\/\/eamx.mx\/index.php\/wp-json\/wp\/v2\/pages"}],"about":[{"href":"https:\/\/eamx.mx\/index.php\/wp-json\/wp\/v2\/types\/page"}],"author":[{"embeddable":true,"href":"https:\/\/eamx.mx\/index.php\/wp-json\/wp\/v2\/users\/1"}],"replies":[{"embeddable":true,"href":"https:\/\/eamx.mx\/index.php\/wp-json\/wp\/v2\/comments?post=20"}],"version-history":[{"count":11,"href":"https:\/\/eamx.mx\/index.php\/wp-json\/wp\/v2\/pages\/20\/revisions"}],"predecessor-version":[{"id":211,"href":"https:\/\/eamx.mx\/index.php\/wp-json\/wp\/v2\/pages\/20\/revisions\/211"}],"wp:featuredmedia":[{"embeddable":true,"href":"https:\/\/eamx.mx\/index.php\/wp-json\/wp\/v2\/media\/129"}],"wp:attachment":[{"href":"https:\/\/eamx.mx\/index.php\/wp-json\/wp\/v2\/media?parent=20"}],"curies":[{"name":"wp","href":"https:\/\/api.w.org\/{rel}","templated":true}]}}